{"id":213,"date":"2024-10-18T00:57:45","date_gmt":"2024-10-18T03:57:45","guid":{"rendered":"https:\/\/tecved.com.br\/?page_id=213"},"modified":"2025-09-18T00:02:34","modified_gmt":"2025-09-18T03:02:34","slug":"puma","status":"publish","type":"page","link":"https:\/\/tecved.com.br\/?page_id=213","title":{"rendered":"Puma &#8211; Distribuidor Autorizado"},"content":{"rendered":"\n<h1 class=\"wp-block-heading\">Automa\u00e7\u00e3o Pneum\u00e1tica<\/h1>\n\n\n<div class=\"wp-block-image\">\n<figure class=\"alignleft size-full\"><img loading=\"lazy\" decoding=\"async\" width=\"300\" height=\"75\" src=\"https:\/\/tecved.com.br\/wp-content\/uploads\/2024\/05\/rodape_0002_LOGO_PUMA_AUTOMACAO-PNEUMATICA.png\" alt=\"\" class=\"wp-image-188\"\/><\/figure><\/div>\n\n\n<p>Na TECVED, somos especialistas em automa\u00e7\u00e3o industrial e temos o orgulho de ser distribuidores autorizados PUMA. Nossa miss\u00e3o \u00e9 fornecer solu\u00e7\u00f5es de automa\u00e7\u00e3o pneum\u00e1tica que atendam \u00e0s necessidades espec\u00edficas de cada cliente, garantindo efici\u00eancia e qualidade em todos os processos.<\/p>\n\n\n\n<p>Oferecemos uma ampla gama de produtos para automa\u00e7\u00e3o pneum\u00e1tica, incluindo:<\/p>\n\n\n\n<ul class=\"wp-block-list\">\n<li><strong><a href=\"https:\/\/pumabrasil.com.br\/?s=filtro+regulador&amp;post_type=product\" target=\"_blank\" rel=\"noreferrer noopener\">Filtros<\/a>:<\/strong> Garantindo a pureza do ar e prolongando a vida \u00fatil dos seus equipamentos.<\/li>\n\n\n\n<li><strong><a href=\"https:\/\/pumabrasil.com.br\/categoria-produto\/automacao-pneumatica\/tubo-de-poliuretano-flexivel\/\" target=\"_blank\" rel=\"noreferrer noopener\">Tubos<\/a>:<\/strong> Vers\u00e1teis e dur\u00e1veis, ideais para diferentes aplica\u00e7\u00f5es industriais.<\/li>\n\n\n\n<li><strong><a href=\"https:\/\/pumabrasil.com.br\/categoria-produto\/automacao-pneumatica\/iso-serie-se\/\" target=\"_blank\" rel=\"noreferrer noopener\">Cilindros<\/a>:<\/strong> Oferecendo for\u00e7a e precis\u00e3o em movimentos lineares.<\/li>\n\n\n\n<li><strong><a href=\"https:\/\/pumabrasil.com.br\/?s=SENSORES&amp;post_type=product\" target=\"_blank\" rel=\"noreferrer noopener\">Sensores<\/a>:<\/strong> Tecnologias avan\u00e7adas para monitoramento e controle de processos.<\/li>\n\n\n\n<li><strong><a href=\"https:\/\/pumabrasil.com.br\/?s=ENGATE&amp;post_type=product\" target=\"_blank\" rel=\"noreferrer noopener\">Conex\u00f5es<\/a>:<\/strong> Facilidades para montagem e manuten\u00e7\u00e3o de sistemas pneum\u00e1ticos.<\/li>\n\n\n\n<li><strong><a href=\"https:\/\/pumabrasil.com.br\/categoria-produto\/automacao-pneumatica\/mangueira-espiral\/\" target=\"_blank\" rel=\"noreferrer noopener\">Mangueiras<\/a>:<\/strong> Flex\u00edveis e resistentes, adequadas para diversas condi\u00e7\u00f5es de trabalho.<\/li>\n\n\n\n<li><strong><a href=\"https:\/\/pumabrasil.com.br\/categoria-produto\/automacao-pneumatica\/valvulas-acessorios\/\" target=\"_blank\" rel=\"noreferrer noopener\">Componentes<\/a>:<\/strong> Pe\u00e7as de reposi\u00e7\u00e3o que asseguram o funcionamento cont\u00ednuo dos sistemas.<\/li>\n\n\n\n<li><strong><a href=\"https:\/\/pumabrasil.com.br\/categoria-produto\/automacao-pneumatica\/valvulas-mecanicas\/\" target=\"_blank\" rel=\"noreferrer noopener\">V\u00e1lvulas<\/a>:<\/strong> Solu\u00e7\u00f5es confi\u00e1veis para o controle de fluxo de ar.<\/li>\n\n\n\n<li><strong><a href=\"https:\/\/pumabrasil.com.br\/categoria-produto\/automacao-pneumatica\/valvulas-solenoides\/\" target=\"_blank\" rel=\"noreferrer noopener\">Solenoides<\/a>:<\/strong> Atuadores que garantem efici\u00eancia em sistemas autom\u00e1ticos.<\/li>\n\n\n\n<li><strong>Geradores de V\u00e1cuo:<\/strong> Equipamentos essenciais para processos que requerem v\u00e1cuo.<\/li>\n\n\n\n<li><strong><a href=\"https:\/\/pumabrasil.com.br\/categoria-produto\/automacao-pneumatica\/acessorios-mini-cilindros\/\" target=\"_blank\" rel=\"noreferrer noopener\">Acess\u00f3rios em Geral<\/a>:<\/strong> Itens que complementam e otimizam o desempenho dos sistemas pneum\u00e1ticos.<\/li>\n<\/ul>\n\n\n\n<p>Com a TECVED, voc\u00ea tem acesso a produtos de alta confiabilidade e solu\u00e7\u00f5es personalizadas para otimizar sua automa\u00e7\u00e3o industrial. Entre em contato e descubra como podemos ajudar sua empresa!<\/p>\n","protected":false},"excerpt":{"rendered":"<p>Na TECVED, distribu\u00edmos produtos PUMA, oferecendo solu\u00e7\u00f5es de automa\u00e7\u00e3o pneum\u00e1tica. Nossa equipe qualificada oferece consultoria e suporte t\u00e9cnico para atender \u00e0s necessidades de cada cliente, garantindo efici\u00eancia e qualidade.<\/p>\n","protected":false},"author":1,"featured_media":0,"parent":0,"menu_order":0,"comment_status":"closed","ping_status":"closed","template":"","meta":{"footnotes":""},"class_list":["post-213","page","type-page","status-publish","hentry"],"_links":{"self":[{"href":"https:\/\/tecved.com.br\/index.php?rest_route=\/wp\/v2\/pages\/213","targetHints":{"allow":["GET"]}}],"collection":[{"href":"https:\/\/tecved.com.br\/index.php?rest_route=\/wp\/v2\/pages"}],"about":[{"href":"https:\/\/tecved.com.br\/index.php?rest_route=\/wp\/v2\/types\/page"}],"author":[{"embeddable":true,"href":"https:\/\/tecved.com.br\/index.php?rest_route=\/wp\/v2\/users\/1"}],"replies":[{"embeddable":true,"href":"https:\/\/tecved.com.br\/index.php?rest_route=%2Fwp%2Fv2%2Fcomments&post=213"}],"version-history":[{"count":7,"href":"https:\/\/tecved.com.br\/index.php?rest_route=\/wp\/v2\/pages\/213\/revisions"}],"predecessor-version":[{"id":349,"href":"https:\/\/tecved.com.br\/index.php?rest_route=\/wp\/v2\/pages\/213\/revisions\/349"}],"wp:attachment":[{"href":"https:\/\/tecved.com.br\/index.php?rest_route=%2Fwp%2Fv2%2Fmedia&parent=213"}],"curies":[{"name":"wp","href":"https:\/\/api.w.org\/{rel}","templated":true}]}}