{"id":225,"date":"2024-10-18T01:20:22","date_gmt":"2024-10-18T04:20:22","guid":{"rendered":"https:\/\/tecved.com.br\/?page_id=225"},"modified":"2025-09-17T21:01:36","modified_gmt":"2025-09-18T00:01:36","slug":"teadit-distribuidor-autorizado","status":"publish","type":"page","link":"https:\/\/tecved.com.br\/?page_id=225","title":{"rendered":"TEADIT &#8211; Distribuidor Autorizado"},"content":{"rendered":"\n<h3 class=\"wp-block-heading has-black-color has-text-color has-link-color wp-elements-16d8cc4d804125ca163d4560ce6327f0\"><strong>VEDA\u00c7\u00c3O INDUSTRIAL<\/strong><\/h3>\n\n\n<div class=\"wp-block-image\">\n<figure class=\"alignleft size-full\"><img loading=\"lazy\" decoding=\"async\" width=\"200\" height=\"93\" src=\"https:\/\/tecved.com.br\/wp-content\/uploads\/2024\/05\/teadit_logo-e1716664112329.gif\" alt=\"\" class=\"wp-image-190\"\/><\/figure><\/div>\n\n\n<p>Na TECVED, somos distribuidores autorizados da TEADIT, oferecendo solu\u00e7\u00f5es de veda\u00e7\u00e3o industrial com uma ampla gama de produtos, incluindo gaxetas, juntas de veda\u00e7\u00e3o, pap\u00e9is hidr\u00e1ulicos, produtos em PTFE, juntas e placas, fitas e cord\u00f5es, protetores de flange e tecidos para isolamento t\u00e9rmico. Nossa equipe especializada oferece consultoria t\u00e9cnica para ajudar na sele\u00e7\u00e3o dos melhores produtos, garantindo seguran\u00e7a e efici\u00eancia nos processos operacionais. Entre em contato conosco e descubra como nossas solu\u00e7\u00f5es podem aprimorar a performance da sua empresa!<\/p>\n\n\n\n<h3 class=\"wp-block-heading\">Nossa Linha de Produtos<\/h3>\n\n\n\n<p>Oferecemos uma variedade de solu\u00e7\u00f5es de veda\u00e7\u00e3o que incluem:<\/p>\n\n\n\n<ul class=\"wp-block-list\">\n<li><strong><a href=\"https:\/\/teadit.com\/br\/categoria\/vedacao-industrial\/gaxetas\/\" data-type=\"link\" data-id=\"https:\/\/teadit.com\/br\/categoria\/vedacao-industrial\/gaxetas\/\" target=\"_blank\" rel=\"noreferrer noopener\">Gaxetas<\/a><\/strong>: Projetadas para garantir veda\u00e7\u00e3o eficaz em diferentes aplica\u00e7\u00f5es.<\/li>\n\n\n\n<li><strong><a href=\"https:\/\/teadit.com\/br\/categoria\/vedacao-industrial\/juntas-de-vedacao-metalica\/\" target=\"_blank\" rel=\"noreferrer noopener\">Juntas de Veda\u00e7\u00e3o<\/a>:<\/strong> Essenciais para evitar vazamentos e proporcionar estanqueidade.<\/li>\n\n\n\n<li><strong><a href=\"https:\/\/teadit.com\/br\/categoria\/vedacao-industrial\/papeloes-hidraulicos\/\" target=\"_blank\" rel=\"noreferrer noopener\">Pap\u00e9is Hidr\u00e1ulicos<\/a>:<\/strong> Ideais para sistemas hidr\u00e1ulicos que exigem alta performance.<\/li>\n\n\n\n<li><strong><a href=\"https:\/\/teadit.com\/br\/categoria\/vedacao-industrial\/produtos-em-ptfe\/\" target=\"_blank\" rel=\"noreferrer noopener\">Produtos em PTFE<\/a>:<\/strong> Resistentes a qu\u00edmicos, perfeitos para aplica\u00e7\u00f5es exigentes.<\/li>\n\n\n\n<li><strong><a href=\"https:\/\/teadit.com\/br\/categoria\/vedacao-industrial\/produtos-de-grafite-flexivel\/\" target=\"_blank\" rel=\"noreferrer noopener\">Juntas e Placas<\/a>:<\/strong> Vers\u00e1teis para isolamento em equipamentos e maquin\u00e1rios.<\/li>\n\n\n\n<li><strong><a href=\"https:\/\/teadit.com\/br\/categoria\/vedacao-industrial\/produtos-em-ptfe\/\" target=\"_blank\" rel=\"noreferrer noopener\">Fitas e Cord\u00f5es<\/a>:<\/strong> Proporcionando um fechamento seguro e confi\u00e1vel.<\/li>\n\n\n\n<li><strong><a href=\"https:\/\/teadit.com\/br\/produto\/chemsafe-plus\/\" target=\"_blank\" rel=\"noreferrer noopener\">Protetores de Flange<\/a>:<\/strong> Garantindo veda\u00e7\u00e3o adequada em flanges de tubula\u00e7\u00e3o.<\/li>\n\n\n\n<li><strong><a href=\"https:\/\/teadit.com\/br\/categoria\/vedacao-industrial\/protecao-termica\/\" target=\"_blank\" rel=\"noreferrer noopener\">Tecidos para Isolamento T\u00e9rmico<\/a>:<\/strong> Materiais que asseguram prote\u00e7\u00e3o t\u00e9rmica e efici\u00eancia energ\u00e9tica.<\/li>\n<\/ul>\n\n\n\n<p><\/p>\n","protected":false},"excerpt":{"rendered":"<p>Na TECVED, somos distribuidores autorizados da TEADIT, uma marca l\u00edder em solu\u00e7\u00f5es de veda\u00e7\u00e3o industrial. Com uma vasta gama de produtos, nossa miss\u00e3o \u00e9 proporcionar seguran\u00e7a e efici\u00eancia para seus processos operacionais.<\/p>\n","protected":false},"author":1,"featured_media":0,"parent":0,"menu_order":0,"comment_status":"closed","ping_status":"closed","template":"","meta":{"footnotes":""},"class_list":["post-225","page","type-page","status-publish","hentry"],"_links":{"self":[{"href":"https:\/\/tecved.com.br\/index.php?rest_route=\/wp\/v2\/pages\/225","targetHints":{"allow":["GET"]}}],"collection":[{"href":"https:\/\/tecved.com.br\/index.php?rest_route=\/wp\/v2\/pages"}],"about":[{"href":"https:\/\/tecved.com.br\/index.php?rest_route=\/wp\/v2\/types\/page"}],"author":[{"embeddable":true,"href":"https:\/\/tecved.com.br\/index.php?rest_route=\/wp\/v2\/users\/1"}],"replies":[{"embeddable":true,"href":"https:\/\/tecved.com.br\/index.php?rest_route=%2Fwp%2Fv2%2Fcomments&post=225"}],"version-history":[{"count":10,"href":"https:\/\/tecved.com.br\/index.php?rest_route=\/wp\/v2\/pages\/225\/revisions"}],"predecessor-version":[{"id":347,"href":"https:\/\/tecved.com.br\/index.php?rest_route=\/wp\/v2\/pages\/225\/revisions\/347"}],"wp:attachment":[{"href":"https:\/\/tecved.com.br\/index.php?rest_route=%2Fwp%2Fv2%2Fmedia&parent=225"}],"curies":[{"name":"wp","href":"https:\/\/api.w.org\/{rel}","templated":true}]}}