{"id":237,"date":"2024-10-19T00:23:39","date_gmt":"2024-10-19T03:23:39","guid":{"rendered":"https:\/\/tecved.com.br\/?page_id=237"},"modified":"2024-10-19T22:11:57","modified_gmt":"2024-10-20T01:11:57","slug":"distribuidor-autorizado","status":"publish","type":"page","link":"https:\/\/tecved.com.br\/?page_id=237","title":{"rendered":"Linhas Complementares"},"content":{"rendered":"\n<p>A TECVED conta com solu\u00e7\u00f5es inovadoras para o controle e otimiza\u00e7\u00e3o de processos. Al\u00e9m de ser distribuidora autorizada da PUMA, disponibilizando produtos de automa\u00e7\u00e3o pneum\u00e1tica, a TECVED oferece uma linha completa de instrumentos e equipamentos industriais, tamb\u00e9m disponibiliza uma variedade de linhas complementares.<\/p>\n\n\n\n<p>Entre os produtos fornecidos, destacam-se:<\/p>\n\n\n\n<ul class=\"wp-block-list\">\n<li><strong>Man\u00f4metros<\/strong>: Precis\u00e3o e confiabilidade para medir press\u00f5es em diversos sistemas.<\/li>\n\n\n\n<li><strong>Term\u00f4metros<\/strong>: Medi\u00e7\u00e3o exata de temperatura para aplica\u00e7\u00f5es industriais.<\/li>\n\n\n\n<li><strong>PT100<\/strong> e <strong>Termopares<\/strong>: Sensores de temperatura de alta qualidade para monitoramento e controle t\u00e9rmico.<\/li>\n\n\n\n<li><strong>Pressostatos<\/strong> e <strong>Termostatos<\/strong>: Dispositivos essenciais para o controle preciso de press\u00e3o e temperatura.<\/li>\n\n\n\n<li><strong>V\u00e1lvulas Esfera<\/strong>, <strong>Gaveta<\/strong>, <strong>Borboleta<\/strong>, <strong>Diafragmas<\/strong> e <strong>Reten\u00e7\u00e3o<\/strong>: Solu\u00e7\u00f5es completas para o controle de fluxo de l\u00edquidos e gases.<\/li>\n<\/ul>\n\n\n\n<p>Nossa equipe qualificada est\u00e1 pronta para oferecer suporte t\u00e9cnico especializado, garantindo que nossos clientes encontrem as melhores solu\u00e7\u00f5es para suas necessidades. TECVED, onde a efici\u00eancia e a qualidade s\u00e3o nossas prioridades.<\/p>\n","protected":false},"excerpt":{"rendered":"<p>A TECVED oferece solu\u00e7\u00f5es de automa\u00e7\u00e3o industrial. Al\u00e9m de produtos pneum\u00e1ticos, fornece uma ampla linha de equipamentos, como man\u00f4metros, term\u00f4metros, sensores de temperatura (PT100 e termopares), pressostatos, termostatos e v\u00e1lvulas (esfera, gaveta, borboleta, diafragmas e reten\u00e7\u00e3o).<\/p>\n","protected":false},"author":1,"featured_media":0,"parent":0,"menu_order":0,"comment_status":"closed","ping_status":"closed","template":"","meta":{"footnotes":""},"class_list":["post-237","page","type-page","status-publish","hentry"],"_links":{"self":[{"href":"https:\/\/tecved.com.br\/index.php?rest_route=\/wp\/v2\/pages\/237","targetHints":{"allow":["GET"]}}],"collection":[{"href":"https:\/\/tecved.com.br\/index.php?rest_route=\/wp\/v2\/pages"}],"about":[{"href":"https:\/\/tecved.com.br\/index.php?rest_route=\/wp\/v2\/types\/page"}],"author":[{"embeddable":true,"href":"https:\/\/tecved.com.br\/index.php?rest_route=\/wp\/v2\/users\/1"}],"replies":[{"embeddable":true,"href":"https:\/\/tecved.com.br\/index.php?rest_route=%2Fwp%2Fv2%2Fcomments&post=237"}],"version-history":[{"count":5,"href":"https:\/\/tecved.com.br\/index.php?rest_route=\/wp\/v2\/pages\/237\/revisions"}],"predecessor-version":[{"id":258,"href":"https:\/\/tecved.com.br\/index.php?rest_route=\/wp\/v2\/pages\/237\/revisions\/258"}],"wp:attachment":[{"href":"https:\/\/tecved.com.br\/index.php?rest_route=%2Fwp%2Fv2%2Fmedia&parent=237"}],"curies":[{"name":"wp","href":"https:\/\/api.w.org\/{rel}","templated":true}]}}